{"id":133,"date":"2024-11-19T08:52:59","date_gmt":"2024-11-19T08:52:59","guid":{"rendered":"http:\/\/35.176.141.61\/?page_id=133"},"modified":"2025-10-29T09:59:44","modified_gmt":"2025-10-29T09:59:44","slug":"about-us","status":"publish","type":"page","link":"https:\/\/bealhighschool.co.uk\/fr\/about-us\/","title":{"rendered":"About Us"},"content":{"rendered":"<div class=\"wp-block-group alignwide has-global-padding is-content-justification-right is-layout-constrained wp-container-core-group-is-layout-ab4a6175 wp-block-group-is-layout-constrained\" style=\"padding-top:40px;padding-bottom:40px\">\n<div id=\"wp-block-themeisle-blocks-slider-f834f546\" class=\"wp-block-themeisle-blocks-slider glide\" data-per-view=\"1\" data-gap=\"0\" data-peek=\"0\" data-autoplay=\"true\" data-height=\"400px\" data-hide-arrows=\"false\"><div class=\"glide__track\" data-glide-el=\"track\"><div class=\"glide__slides\"><div class=\"wp-block-themeisle-blocks-slider-item-wrapper glide__slide\" tabindex=\"0\"><figure><img decoding=\"async\" class=\"wp-block-themeisle-blocks-slider-item\" src=\"https:\/\/bealhighschool.co.uk\/wp-content\/uploads\/2024\/11\/BeaconAcademy-907.jpg\" alt=\"\" title=\"\" data-id=\"1103\"\/><\/figure><\/div><div class=\"wp-block-themeisle-blocks-slider-item-wrapper glide__slide\" tabindex=\"0\"><figure><img decoding=\"async\" class=\"wp-block-themeisle-blocks-slider-item\" src=\"https:\/\/bealhighschool.co.uk\/wp-content\/uploads\/2024\/11\/BeaconAcademy-870-2.jpg\" alt=\"\" title=\"\" data-id=\"1104\"\/><\/figure><\/div><div class=\"wp-block-themeisle-blocks-slider-item-wrapper glide__slide\" tabindex=\"0\"><figure><img decoding=\"async\" class=\"wp-block-themeisle-blocks-slider-item\" src=\"https:\/\/bealhighschool.co.uk\/wp-content\/uploads\/2024\/11\/BeaconAcademy-877.jpg\" alt=\"\" title=\"\" data-id=\"1105\"\/><\/figure><\/div><\/div><div class=\"glide__bullets\" data-glide-el=\"controls[nav]\"><button class=\"glide__bullet\" data-glide-dir=\"=0\"><\/button><button class=\"glide__bullet\" data-glide-dir=\"=1\"><\/button><button class=\"glide__bullet\" data-glide-dir=\"=2\"><\/button><\/div><\/div><\/div>\n\n\n\n<h1 id=\"wp-block-themeisle-blocks-advanced-heading-3c1bcd1b\" class=\"wp-block-themeisle-blocks-advanced-heading wp-block-themeisle-blocks-advanced-heading-3c1bcd1b ticss-3c1bcd1b\">Bienvenue au lyc\u00e9e B\u00e9al<\/h1>\n\n\n\n<p id=\"wp-block-themeisle-blocks-advanced-heading-7ef5446c\" class=\"wp-block-themeisle-blocks-advanced-heading wp-block-themeisle-blocks-advanced-heading-7ef5446c\">Beal High School is at the heart of the Beacon Multi Academy Trust. We are committed to working in partnership with The Forest Academy, BBIH and NELTA \u2013 to provide high quality learning experiences for all students<\/p>\n\n\n\n<p id=\"wp-block-themeisle-blocks-advanced-heading-9f729ccf\" class=\"wp-block-themeisle-blocks-advanced-heading wp-block-themeisle-blocks-advanced-heading-9f729ccf\">Beal est une \u00e9cole polyvalente communautaire mixte pour les \u00e9l\u00e8ves \u00e2g\u00e9s de 11 \u00e0 18 ans (dont un petit nombre de 19 ans en 13e ann\u00e9e). Nous sommes la plus grande \u00e9cole secondaire d'Angleterre, avec plus de 2 600 \u00e9l\u00e8ves inscrits (septembre 2018), dont plus de 800 en sixi\u00e8me ann\u00e9e. Les \u00e9tudiants sont r\u00e9partis en 12 formulaires \u00e0 l\u2019entr\u00e9e. La grande majorit\u00e9 de nos \u00e9tudiants viennent de la zone de recrutement et nous c\u00e9l\u00e9brons le fait que notre communaut\u00e9 locale est ethniquement diversifi\u00e9e, ce qui se refl\u00e8te dans notre recrutement. La Beal Roll comprend la Beacon Communication School pour les \u00e9tudiants pr\u00e9sentant diverses difficult\u00e9s de communication sociale, notamment l'autisme et le syndrome d'Asperger. Ce projet est fortement sursouscrit et a d\u00e9velopp\u00e9 une disposition apr\u00e8s 16 ans. De nombreux \u00e9tudiants sont int\u00e9gr\u00e9s dans la communaut\u00e9 scolaire au sens large pour des exp\u00e9riences acad\u00e9miques et sociales tout au long de la semaine.<\/p>\n\n\n\n<p id=\"wp-block-themeisle-blocks-advanced-heading-7277f970\" class=\"wp-block-themeisle-blocks-advanced-heading wp-block-themeisle-blocks-advanced-heading-7277f970\">Nos r\u00e9sultats aux examens Key Stage 4 de 2018 nous placent dans le top 20 % des \u00e9coles non s\u00e9lectives en termes de r\u00e9ussite et dans le top 20 % en termes de progr\u00e8s. Les r\u00e9sultats et les progr\u00e8s des \u00e9l\u00e8ves de Beal Sixth Form sont excellents, nous pla\u00e7ant dans le top 25 % des \u00e9coles. La progression au-del\u00e0 de la sixi\u00e8me ann\u00e9e est remarquable : 90 % des \u00e9tudiants acc\u00e8dent \u00e0 l'universit\u00e9 et 30 % d'entre eux acceptent des places dans les \u00e9tablissements du Russell Group. \u00c0 l'\u00e9t\u00e9 2018, ALPS a \u00e9valu\u00e9 nos r\u00e9sultats de niveau A et BTEC comme exceptionnels en termes de progr\u00e8s. Beal Sixth Form a \u00e9t\u00e9 premier conjoint pour la progression Post 16 \u00e0 Redbridge 2018.<\/p>\n<\/div>\n\n\n\n<div class=\"wp-block-group alignfull has-background has-global-padding is-layout-constrained wp-container-core-group-is-layout-12243e0f wp-block-group-is-layout-constrained\" style=\"background-color:#9dac13;min-height:12px\"><\/div>","protected":false},"excerpt":{"rendered":"","protected":false},"author":5,"featured_media":0,"parent":0,"menu_order":0,"comment_status":"closed","ping_status":"closed","template":"page-no-title","meta":{"_themeisle_gutenberg_block_has_review":false,"footnotes":""},"class_list":["post-133","page","type-page","status-publish","hentry"],"_hostinger_reach_plugin_has_subscription_block":false,"_hostinger_reach_plugin_is_elementor":false,"jetpack_sharing_enabled":true,"_links":{"self":[{"href":"https:\/\/bealhighschool.co.uk\/fr\/wp-json\/wp\/v2\/pages\/133","targetHints":{"allow":["GET"]}}],"collection":[{"href":"https:\/\/bealhighschool.co.uk\/fr\/wp-json\/wp\/v2\/pages"}],"about":[{"href":"https:\/\/bealhighschool.co.uk\/fr\/wp-json\/wp\/v2\/types\/page"}],"author":[{"embeddable":true,"href":"https:\/\/bealhighschool.co.uk\/fr\/wp-json\/wp\/v2\/users\/5"}],"replies":[{"embeddable":true,"href":"https:\/\/bealhighschool.co.uk\/fr\/wp-json\/wp\/v2\/comments?post=133"}],"version-history":[{"count":32,"href":"https:\/\/bealhighschool.co.uk\/fr\/wp-json\/wp\/v2\/pages\/133\/revisions"}],"predecessor-version":[{"id":7044,"href":"https:\/\/bealhighschool.co.uk\/fr\/wp-json\/wp\/v2\/pages\/133\/revisions\/7044"}],"wp:attachment":[{"href":"https:\/\/bealhighschool.co.uk\/fr\/wp-json\/wp\/v2\/media?parent=133"}],"curies":[{"name":"wp","href":"https:\/\/api.w.org\/{rel}","templated":true}]}}