{"id":143,"date":"2024-11-20T08:45:31","date_gmt":"2024-11-20T08:45:31","guid":{"rendered":"http:\/\/35.176.141.61\/?page_id=143"},"modified":"2024-11-21T10:31:23","modified_gmt":"2024-11-21T10:31:23","slug":"news","status":"publish","type":"page","link":"https:\/\/bealhighschool.co.uk\/fr\/news\/","title":{"rendered":"News"},"content":{"rendered":"<div class=\"wp-block-group alignfull ticss-ddd9ddcf has-background is-content-justification-left is-nowrap is-layout-flex wp-container-core-group-is-layout-61774446 wp-block-group-is-layout-flex\" style=\"background-color:#272526;margin-top:0;margin-bottom:0;padding-top:0;padding-right:0;padding-bottom:0;padding-left:0\">\n<div class=\"wp-block-group ticss-a6d90c15 is-vertical is-layout-flex wp-container-core-group-is-layout-e3e04b45 wp-block-group-is-layout-flex\" style=\"padding-top:0;padding-right:0;padding-bottom:0;padding-left:0\">\n<p class=\"has-base-2-color has-text-color has-link-color wp-elements-e9b18edc02c5153fb7e5cc84f0dc2c1a\">Beal High School is outstanding. It is a diverse, vibrant community with a strong sense of mutual respect and a high expectations inclusive culture. Our students experience a rich, varied curriculum which unlocks their potential, ensuring outstanding outcomes and confident progression for all.<\/p>\n\n\n\n<p class=\"has-text-color has-link-color wp-elements-25e8a0b06c50f6a35919afd0ab112811\" style=\"color:#9bad47\"><strong>BEAL DATA RESEARCH<br>PROJECT 2024BEAL DATA RESEARCH<br>PROJECT 2024<\/strong><\/p>\n\n\n\n<ul class=\"wp-block-list\">\n<li class=\"has-base-2-color has-text-color has-link-color wp-elements-f3669a16230c154ecfa1b22b7dc226d5\">Des apprenants qui r\u00e9ussissent qui aiment apprendre, progressent et r\u00e9alisent leur plein potentiel.<\/li>\n\n\n\n<li class=\"has-base-2-color has-text-color has-link-color wp-elements-a4cedf69af2fdbc270f10331cf8b0a30\">Des personnes confiantes et capables de mener une vie s\u00fbre, saine et \u00e9panouissante<\/li>\n\n\n\n<li class=\"has-base-2-color has-text-color has-link-color wp-elements-410b67a1e1c5b75258e1ca15a83ece67\">Responsible citizens who make a positive contribution to society.<\/li>\n<\/ul>\n<\/div>\n\n\n\n<div class=\"wp-block-group ticss-f22c594a is-vertical is-layout-flex wp-container-core-group-is-layout-f7d60a69 wp-block-group-is-layout-flex\" style=\"padding-right:0;padding-left:0\">\n<p class=\"has-text-color has-link-color wp-elements-eaf03c42e30938fdcd4ca3f257f8cee7\" style=\"color:#9bad47\"><strong>ASSURER QUE NOS \u00c9TUDIANTS PROSP\u00c8NENT EN TANT QUE MEMBRES DE NOTRE CAMPUS ET DES COMMUNAUT\u00c9S LOCALES.<\/strong><\/p>\n\n\n\n<p class=\"has-base-2-color has-text-color has-link-color wp-elements-b265c0773e3dc5ce44ae656c9f46e7ca\">Nous sommes fiers de diriger Beal High School en travaillant aux c\u00f4t\u00e9s de coll\u00e8gues, de parents et de tuteurs pour garantir que nos \u00e9tudiants b\u00e9n\u00e9ficient d'un large \u00e9ventail d'opportunit\u00e9s p\u00e9dagogiques pour apprendre et s'\u00e9panouir en tant que membres de notre campus et des communaut\u00e9s locales. Nous cr\u00e9ons un environnement d'apprentissage positif o\u00f9 les jeunes peuvent aspirer, relever des d\u00e9fis et exceller dans une atmosph\u00e8re de s\u00e9curit\u00e9 et de d\u00e9termination.<\/p>\n<\/div>\n<\/div>\n\n\n\n<div class=\"wp-block-group has-global-padding is-layout-constrained wp-block-group-is-layout-constrained\"><\/div>","protected":false},"excerpt":{"rendered":"<p>Beal High School is outstanding. It is a diverse, vibrant community with a strong sense of mutual respect and a high expectations inclusive culture. Our students experience a rich, varied curriculum which unlocks their potential, ensuring outstanding outcomes and confident progression for all. BEAL DATA RESEARCHPROJECT 2024BEAL DATA RESEARCHPROJECT 2024 ENSURING OUR STUDENTS THRIVE AS [&hellip;]<\/p>","protected":false},"author":5,"featured_media":0,"parent":0,"menu_order":0,"comment_status":"closed","ping_status":"closed","template":"page-no-title","meta":{"_themeisle_gutenberg_block_has_review":false,"footnotes":""},"class_list":["post-143","page","type-page","status-publish","hentry"],"_hostinger_reach_plugin_has_subscription_block":false,"_hostinger_reach_plugin_is_elementor":false,"jetpack_sharing_enabled":true,"_links":{"self":[{"href":"https:\/\/bealhighschool.co.uk\/fr\/wp-json\/wp\/v2\/pages\/143","targetHints":{"allow":["GET"]}}],"collection":[{"href":"https:\/\/bealhighschool.co.uk\/fr\/wp-json\/wp\/v2\/pages"}],"about":[{"href":"https:\/\/bealhighschool.co.uk\/fr\/wp-json\/wp\/v2\/types\/page"}],"author":[{"embeddable":true,"href":"https:\/\/bealhighschool.co.uk\/fr\/wp-json\/wp\/v2\/users\/5"}],"replies":[{"embeddable":true,"href":"https:\/\/bealhighschool.co.uk\/fr\/wp-json\/wp\/v2\/comments?post=143"}],"version-history":[{"count":9,"href":"https:\/\/bealhighschool.co.uk\/fr\/wp-json\/wp\/v2\/pages\/143\/revisions"}],"predecessor-version":[{"id":537,"href":"https:\/\/bealhighschool.co.uk\/fr\/wp-json\/wp\/v2\/pages\/143\/revisions\/537"}],"wp:attachment":[{"href":"https:\/\/bealhighschool.co.uk\/fr\/wp-json\/wp\/v2\/media?parent=143"}],"curies":[{"name":"wp","href":"https:\/\/api.w.org\/{rel}","templated":true}]}}