{"id":182,"date":"2024-11-20T08:44:38","date_gmt":"2024-11-20T08:44:38","guid":{"rendered":"http:\/\/35.176.141.61\/?page_id=182"},"modified":"2025-01-14T13:11:11","modified_gmt":"2025-01-14T13:11:11","slug":"beal-alumni","status":"publish","type":"page","link":"https:\/\/bealhighschool.co.uk\/fr\/beal-alumni\/","title":{"rendered":"Anciens \u00e9l\u00e8ves de BEAL"},"content":{"rendered":"<div class=\"wp-block-group alignfull has-base-2-background-color has-background has-global-padding is-content-justification-center is-layout-constrained wp-container-core-group-is-layout-0cb5c534 wp-block-group-is-layout-constrained\" style=\"padding-bottom:var(--wp--preset--spacing--30)\">\n<div class=\"wp-block-group is-nowrap is-layout-flex wp-container-core-group-is-layout-97e7a0ee wp-block-group-is-layout-flex\" style=\"padding-top:40px;padding-bottom:40px\">\n<h1 id=\"wp-block-themeisle-blocks-advanced-heading-54e406a3\" class=\"wp-block-themeisle-blocks-advanced-heading wp-block-themeisle-blocks-advanced-heading-54e406a3\">Anciens \u00e9l\u00e8ves de BEAL<\/h1>\n\n\n\n<p class=\"ticss-38a49d40\"><\/p>\n<\/div>\n\n\n\n<p id=\"wp-block-themeisle-blocks-advanced-heading-de33887d\" class=\"wp-block-themeisle-blocks-advanced-heading wp-block-themeisle-blocks-advanced-heading-de33887d\">Renouez avec la famille Beal pour faire une r\u00e9elle diff\u00e9rence dans notre communaut\u00e9\u00a0!<\/p>\n\n\n\n<div class=\"wp-block-buttons is-content-justification-center is-layout-flex wp-container-core-buttons-is-layout-a89b3969 wp-block-buttons-is-layout-flex\">\n<div class=\"wp-block-button has-custom-font-size is-style-outline ticss-4527f92f is-style-outline--1\" style=\"font-size:clamp(14px, 0.875rem + ((1vw - 3.2px) * 0.417), 18px);\"><a class=\"wp-block-button__link has-base-2-background-color has-background wp-element-button\" href=\"https:\/\/forms.office.com\/Pages\/ResponsePage.aspx?id=MFotuMkgIEe9MJeQivzKZ8VdYkXKB1FAqiLdroNXpu9UQ05ERkFBVlkxU0xDMFRWVzNaUzlKMU41OC4u\" style=\"border-style:none;border-width:0px\"><strong>Rejoignez-nous aujourd'hui<\/strong><\/a><\/div>\n<\/div>\n\n\n\n<div class=\"wp-block-group is-layout-grid wp-container-core-group-is-layout-7746d133 wp-block-group-is-layout-grid\" style=\"min-height:0px;margin-top:0;margin-bottom:0;padding-top:20px;padding-right:0;padding-bottom:20px;padding-left:0\">\n<figure class=\"wp-block-image size-full ticss-d832d61d\"><img fetchpriority=\"high\" decoding=\"async\" width=\"786\" height=\"656\" src=\"https:\/\/bealhighschool.co.uk\/wp-content\/uploads\/2025\/01\/beal-alumini.webp\" alt=\"\" class=\"wp-image-4465\" style=\"aspect-ratio:1;object-fit:cover\" srcset=\"https:\/\/bealhighschool.co.uk\/wp-content\/uploads\/2025\/01\/beal-alumini.webp 786w, https:\/\/bealhighschool.co.uk\/wp-content\/uploads\/2025\/01\/beal-alumini-300x250.webp 300w, https:\/\/bealhighschool.co.uk\/wp-content\/uploads\/2025\/01\/beal-alumini-768x641.webp 768w, https:\/\/bealhighschool.co.uk\/wp-content\/uploads\/2025\/01\/beal-alumini-14x12.webp 14w\" sizes=\"(max-width: 786px) 100vw, 786px\" \/><\/figure>\n\n\n\n<div class=\"wp-block-group ticss-f3bafb4c wp-container-content-d45f1063 is-vertical is-layout-flex wp-container-core-group-is-layout-05b43539 wp-block-group-is-layout-flex\" style=\"margin-top:0;margin-bottom:0\">\n<p id=\"wp-block-themeisle-blocks-advanced-heading-4f9ab7aa\" class=\"wp-block-themeisle-blocks-advanced-heading wp-block-themeisle-blocks-advanced-heading-4f9ab7aa\">At Beal High School, we highly value our connection with our former students and staff. We celebrate the achievements and experiences of our alumni with students, staff and the local community.<\/p>\n\n\n\n<p id=\"wp-block-themeisle-blocks-advanced-heading-9a887008\" class=\"wp-block-themeisle-blocks-advanced-heading wp-block-themeisle-blocks-advanced-heading-9a887008\">Throughout the year we welcome back former students and staff to inspire our current cohorts in all sorts of ways: from delivering talks and keynote speeches to smaller group and individual mentoring and coaching. Former students run mock interviews and participate in Progression Week and the Annual Careers\u2019 Fair. Those now working in the city offer work placements and career insight days as well as bespoke employment advice. The school also hosts annual \u2018Aim Higher Alumni\u2019 days, where alumni are invited back to mentor, guide and, most importantly, inspire our current students. They lead discussions on university life, gap years and apprenticeships, as well as careers and other opportunities. Former staff support too with a range of projects and initiatives, from fundraising to community outreach.<\/p>\n<\/div>\n<\/div>\n\n\n\n<div style=\"height:51px\" aria-hidden=\"true\" class=\"wp-block-spacer\"><\/div>\n\n\n\n<h2 id=\"wp-block-themeisle-blocks-advanced-heading-2fa93c28\" class=\"wp-block-themeisle-blocks-advanced-heading wp-block-themeisle-blocks-advanced-heading-2fa93c28 ticss-2fa93c28\"><strong>How to get involved:<\/strong><\/h2>\n\n\n\n<p id=\"wp-block-themeisle-blocks-advanced-heading-7517896c\" class=\"wp-block-themeisle-blocks-advanced-heading wp-block-themeisle-blocks-advanced-heading-7517896c\">We would love to hear your stories and each month we will feature a new member of our alumni. If you would like to feature, <a href=\"https:\/\/forms.office.com\/Pages\/ResponsePage.aspx?id=MFotuMkgIEe9MJeQivzKZ8VdYkXKB1FAqiLdroNXpu9UQ05ERkFBVlkxU0xDMFRWVzNaUzlKMU41OC4u\">please sign up here<\/a>.<\/p>\n\n\n\n<p id=\"wp-block-themeisle-blocks-advanced-heading-57a960b4\" class=\"wp-block-themeisle-blocks-advanced-heading wp-block-themeisle-blocks-advanced-heading-57a960b4\">After you\u2019ve joined up, we will send updates of our latest news and we\u2019ll also let you know about any forthcoming opportunities to get involved with us! We always love hearing from our former students. Perhaps you have news or photos you would like to share, or maybe you would like us to include a new event on our social calendar, or facilitate a reunion of your Year Group\u2026 please get in touch!<\/p>\n\n\n\n<h2 id=\"wp-block-themeisle-blocks-advanced-heading-76b29748\" class=\"wp-block-themeisle-blocks-advanced-heading wp-block-themeisle-blocks-advanced-heading-76b29748 ticss-2fa93c28\"><strong>T&amp;Cs for signing up<\/strong><\/h2>\n\n\n\n<ol style=\"margin-top:0;margin-right:0px;margin-bottom:0;margin-left:0px;padding-top:0;padding-right:0;padding-bottom:0;padding-left:20px\" class=\"wp-block-list\">\n<li class=\"has-text-color has-link-color wp-elements-c2ee28e2c26f68bacf159ea21e90095a\" style=\"color:#382919;margin-bottom:16px;font-size:clamp(14px, 0.875rem + ((1vw - 3.2px) * 0.417), 18px);\">Your data will be securely stored by a third party as well as internally in the school.<\/li>\n\n\n\n<li class=\"has-text-color has-link-color wp-elements-5420611c48308c7e3d9614d3945c52a1\" style=\"color:#382919;margin-bottom:16px;font-size:clamp(14px, 0.875rem + ((1vw - 3.2px) * 0.417), 18px);\">&nbsp;We will not share your personal data with anyone outside the school.<\/li>\n\n\n\n<li class=\"has-text-color has-link-color wp-elements-9727cb5f604192ee7e29e8d2bc593d6f\" style=\"color:#382919;margin-bottom:16px;font-size:clamp(14px, 0.875rem + ((1vw - 3.2px) * 0.417), 18px);\">Your data will be visible to the staff at BHS and you may be contacted by members of staff, if you agreed to support the school.<\/li>\n\n\n\n<li class=\"has-text-color has-link-color wp-elements-d29b18a67b0ffde44f0c7c0815d01b97\" style=\"color:#382919;margin-bottom:16px;font-size:clamp(14px, 0.875rem + ((1vw - 3.2px) * 0.417), 18px);\">You must not reproduce or re-use any of the BHS website content, or we may need to remove you from our alumni network.<\/li>\n\n\n\n<li class=\"has-text-color has-link-color wp-elements-f61d2895ececd97c150b68c8fa21eae2\" style=\"color:#382919;margin-bottom:16px;font-size:clamp(14px, 0.875rem + ((1vw - 3.2px) * 0.417), 18px);\">&nbsp;You can contact the school via <mark style=\"background-color:rgba(0, 0, 0, 0);color:#9bad47\" class=\"has-inline-color\">admin@bealhighschool.co.uk<\/mark> if you would like to be removed from the alumni network or update any details.<\/li>\n<\/ol>\n\n\n\n<p id=\"wp-block-themeisle-blocks-advanced-heading-39c38949\" class=\"wp-block-themeisle-blocks-advanced-heading wp-block-themeisle-blocks-advanced-heading-39c38949\"><strong>We look forward to re-connecting with you soon.<\/strong><\/p>\n\n\n\n<p id=\"wp-block-themeisle-blocks-advanced-heading-ade31246\" class=\"wp-block-themeisle-blocks-advanced-heading wp-block-themeisle-blocks-advanced-heading-ade31246\"><strong>The Beal Alumni<\/strong><\/p>\n<\/div>\n\n\n\n<div class=\"wp-block-group alignfull has-background has-global-padding is-layout-constrained wp-container-core-group-is-layout-e4081522 wp-block-group-is-layout-constrained\" style=\"background-color:#9dac13;min-height:12px;margin-top:0;margin-bottom:0\"><\/div>","protected":false},"excerpt":{"rendered":"","protected":false},"author":5,"featured_media":0,"parent":0,"menu_order":0,"comment_status":"closed","ping_status":"closed","template":"page-no-title","meta":{"_themeisle_gutenberg_block_has_review":false,"footnotes":""},"class_list":["post-182","page","type-page","status-publish","hentry"],"_hostinger_reach_plugin_has_subscription_block":false,"_hostinger_reach_plugin_is_elementor":false,"jetpack_sharing_enabled":true,"_links":{"self":[{"href":"https:\/\/bealhighschool.co.uk\/fr\/wp-json\/wp\/v2\/pages\/182","targetHints":{"allow":["GET"]}}],"collection":[{"href":"https:\/\/bealhighschool.co.uk\/fr\/wp-json\/wp\/v2\/pages"}],"about":[{"href":"https:\/\/bealhighschool.co.uk\/fr\/wp-json\/wp\/v2\/types\/page"}],"author":[{"embeddable":true,"href":"https:\/\/bealhighschool.co.uk\/fr\/wp-json\/wp\/v2\/users\/5"}],"replies":[{"embeddable":true,"href":"https:\/\/bealhighschool.co.uk\/fr\/wp-json\/wp\/v2\/comments?post=182"}],"version-history":[{"count":64,"href":"https:\/\/bealhighschool.co.uk\/fr\/wp-json\/wp\/v2\/pages\/182\/revisions"}],"predecessor-version":[{"id":4468,"href":"https:\/\/bealhighschool.co.uk\/fr\/wp-json\/wp\/v2\/pages\/182\/revisions\/4468"}],"wp:attachment":[{"href":"https:\/\/bealhighschool.co.uk\/fr\/wp-json\/wp\/v2\/media?parent=182"}],"curies":[{"name":"wp","href":"https:\/\/api.w.org\/{rel}","templated":true}]}}